{"id":2807,"date":"2021-03-05T15:54:52","date_gmt":"2021-03-05T15:54:52","guid":{"rendered":"https:\/\/or-design.org\/?page_id=2807"},"modified":"2021-03-10T12:02:13","modified_gmt":"2021-03-10T12:02:13","slug":"thank-you","status":"publish","type":"page","link":"https:\/\/or-design.org\/en\/home\/thank-you\/","title":{"rendered":"Thank you"},"content":{"rendered":"\t\t<div data-elementor-type=\"wp-page\" data-elementor-id=\"2807\" class=\"elementor elementor-2807 elementor-913\" data-elementor-post-type=\"page\">\n\t\t\t\t\t\t<section class=\"elementor-section elementor-top-section elementor-element elementor-element-0d40dd5 elementor-section-height-full elementor-section-boxed elementor-section-height-default elementor-section-items-middle\" data-id=\"0d40dd5\" data-element_type=\"section\" data-e-type=\"section\" data-settings=\"{&quot;ekit_has_onepagescroll_dot&quot;:&quot;yes&quot;}\">\n\t\t\t\t\t\t<div class=\"elementor-container elementor-column-gap-default\">\n\t\t\t\t\t<div class=\"elementor-column elementor-col-100 elementor-top-column elementor-element elementor-element-49e73c5\" data-id=\"49e73c5\" data-element_type=\"column\" data-e-type=\"column\">\n\t\t\t<div class=\"elementor-widget-wrap elementor-element-populated\">\n\t\t\t\t\t\t<div class=\"elementor-element elementor-element-db20633 elementor-invisible elementor-widget elementor-widget-image\" data-id=\"db20633\" data-element_type=\"widget\" data-e-type=\"widget\" data-settings=\"{&quot;_animation&quot;:&quot;bounceIn&quot;,&quot;ekit_we_effect_on&quot;:&quot;none&quot;}\" data-widget_type=\"image.default\">\n\t\t\t\t<div class=\"elementor-widget-container\">\n\t\t\t\t\t\t\t\t\t\t\t\t\t\t\t<img fetchpriority=\"high\" decoding=\"async\" width=\"800\" height=\"800\" src=\"https:\/\/or-design.org\/wp-content\/uploads\/2021\/03\/Asset-22-1.svg\" class=\"attachment-large size-large wp-image-3628\" alt=\"\" \/>\t\t\t\t\t\t\t\t\t\t\t\t\t\t\t<\/div>\n\t\t\t\t<\/div>\n\t\t\t\t<div class=\"elementor-element elementor-element-c23d7ea elementor-widget elementor-widget-heading\" data-id=\"c23d7ea\" data-element_type=\"widget\" data-e-type=\"widget\" data-settings=\"{&quot;ekit_we_effect_on&quot;:&quot;none&quot;}\" data-widget_type=\"heading.default\">\n\t\t\t\t<div class=\"elementor-widget-container\">\n\t\t\t\t\t<h2 class=\"elementor-heading-title elementor-size-default\">Congratulations!<\/h2>\t\t\t\t<\/div>\n\t\t\t\t<\/div>\n\t\t\t\t<div class=\"elementor-element elementor-element-0fc2be2 elementor-widget elementor-widget-text-editor\" data-id=\"0fc2be2\" data-element_type=\"widget\" data-e-type=\"widget\" data-settings=\"{&quot;ekit_we_effect_on&quot;:&quot;none&quot;}\" data-widget_type=\"text-editor.default\">\n\t\t\t\t<div class=\"elementor-widget-container\">\n\t\t\t\t\t\t\t\t\t<p>You are one step closer to taking your brand to the next level. <br \/><b>We will contact you as soon as possible.<\/b><\/p>\t\t\t\t\t\t\t\t<\/div>\n\t\t\t\t<\/div>\n\t\t\t\t<div class=\"elementor-element elementor-element-d37eea3 elementor-align-center elementor-widget elementor-widget-button\" data-id=\"d37eea3\" data-element_type=\"widget\" data-e-type=\"widget\" data-settings=\"{&quot;ekit_we_effect_on&quot;:&quot;none&quot;}\" data-widget_type=\"button.default\">\n\t\t\t\t<div class=\"elementor-widget-container\">\n\t\t\t\t\t\t\t\t\t<div class=\"elementor-button-wrapper\">\n\t\t\t\t\t<a class=\"elementor-button elementor-button-link elementor-size-sm\" href=\"https:\/\/or-design.org\/en\/\">\n\t\t\t\t\t\t<span class=\"elementor-button-content-wrapper\">\n\t\t\t\t\t\t\t\t\t<span class=\"elementor-button-text\">Return<\/span>\n\t\t\t\t\t<\/span>\n\t\t\t\t\t<\/a>\n\t\t\t\t<\/div>\n\t\t\t\t\t\t\t\t<\/div>\n\t\t\t\t<\/div>\n\t\t\t\t\t<\/div>\n\t\t<\/div>\n\t\t\t\t\t<\/div>\n\t\t<\/section>\n\t\t\t\t<section class=\"elementor-section elementor-top-section elementor-element elementor-element-e5266f3 elementor-hidden-desktop elementor-hidden-tablet elementor-hidden-phone elementor-section-boxed elementor-section-height-default elementor-section-height-default\" data-id=\"e5266f3\" data-element_type=\"section\" data-e-type=\"section\" data-settings=\"{&quot;background_background&quot;:&quot;classic&quot;,&quot;ekit_has_onepagescroll_dot&quot;:&quot;yes&quot;}\">\n\t\t\t\t\t\t<div class=\"elementor-container elementor-column-gap-default\">\n\t\t\t\t\t<div class=\"elementor-column elementor-col-100 elementor-top-column elementor-element elementor-element-7765367\" data-id=\"7765367\" data-element_type=\"column\" data-e-type=\"column\">\n\t\t\t<div class=\"elementor-widget-wrap elementor-element-populated\">\n\t\t\t\t\t\t<div class=\"elementor-element elementor-element-fd092cd elementor-widget elementor-widget-heading\" data-id=\"fd092cd\" data-element_type=\"widget\" data-e-type=\"widget\" data-settings=\"{&quot;ekit_we_effect_on&quot;:&quot;none&quot;}\" data-widget_type=\"heading.default\">\n\t\t\t\t<div class=\"elementor-widget-container\">\n\t\t\t\t\t<h2 class=\"elementor-heading-title elementor-size-default\">Latest news<\/h2>\t\t\t\t<\/div>\n\t\t\t\t<\/div>\n\t\t\t\t<div class=\"elementor-element elementor-element-29318b4 elementor-grid-3 elementor-grid-tablet-2 elementor-grid-mobile-1 elementor-posts--thumbnail-top elementor-widget elementor-widget-posts\" data-id=\"29318b4\" data-element_type=\"widget\" data-e-type=\"widget\" data-settings=\"{&quot;classic_masonry&quot;:&quot;yes&quot;,&quot;classic_columns&quot;:&quot;3&quot;,&quot;classic_columns_tablet&quot;:&quot;2&quot;,&quot;classic_columns_mobile&quot;:&quot;1&quot;,&quot;classic_row_gap&quot;:{&quot;unit&quot;:&quot;px&quot;,&quot;size&quot;:35,&quot;sizes&quot;:[]},&quot;classic_row_gap_tablet&quot;:{&quot;unit&quot;:&quot;px&quot;,&quot;size&quot;:&quot;&quot;,&quot;sizes&quot;:[]},&quot;classic_row_gap_mobile&quot;:{&quot;unit&quot;:&quot;px&quot;,&quot;size&quot;:&quot;&quot;,&quot;sizes&quot;:[]},&quot;ekit_we_effect_on&quot;:&quot;none&quot;}\" data-widget_type=\"posts.classic\">\n\t\t\t\t<div class=\"elementor-widget-container\">\n\t\t\t\t\t\t\t<div class=\"elementor-posts-container elementor-posts elementor-posts--skin-classic elementor-grid\" role=\"list\">\n\t\t\t\t<article class=\"elementor-post elementor-grid-item post-9836 post type-post status-publish format-standard has-post-thumbnail hentry category-diseno\" role=\"listitem\">\n\t\t\t\t<a class=\"elementor-post__thumbnail__link\" href=\"https:\/\/or-design.org\/en\/desatando-el-potencial-del-marketing-omnicanal-construyendo-experiencias-de-cliente-sin-fronteras\/\" tabindex=\"-1\" >\n\t\t\t<div class=\"elementor-post__thumbnail\"><img decoding=\"async\" width=\"300\" height=\"300\" src=\"https:\/\/or-design.org\/wp-content\/uploads\/2024\/04\/Marketing-omnicanal-300x300.jpg\" class=\"attachment-medium size-medium wp-image-9837\" alt=\"\" srcset=\"https:\/\/or-design.org\/wp-content\/uploads\/2024\/04\/Marketing-omnicanal-300x300.jpg 300w, https:\/\/or-design.org\/wp-content\/uploads\/2024\/04\/Marketing-omnicanal-150x150.jpg 150w, https:\/\/or-design.org\/wp-content\/uploads\/2024\/04\/Marketing-omnicanal-768x771.jpg 768w, https:\/\/or-design.org\/wp-content\/uploads\/2024\/04\/Marketing-omnicanal.jpg 885w\" sizes=\"(max-width: 300px) 100vw, 300px\" \/><\/div>\n\t\t<\/a>\n\t\t\t\t<div class=\"elementor-post__text\">\n\t\t\t\t<h3 class=\"elementor-post__title\">\n\t\t\t<a href=\"https:\/\/or-design.org\/en\/desatando-el-potencial-del-marketing-omnicanal-construyendo-experiencias-de-cliente-sin-fronteras\/\" >\n\t\t\t\tDesatando el Potencial del Marketing Omnicanal: Construyendo Experiencias de Cliente sin Fronteras\t\t\t<\/a>\n\t\t<\/h3>\n\t\t\t\t<div class=\"elementor-post__excerpt\">\n\t\t\t<p>Desatando el Potencial del Marketing Omnicanal: Construyendo Experiencias de Cliente sin Fronteras En la era digital actual, donde los consumidores est\u00e1n m\u00e1s conectados que nunca<\/p>\n\t\t<\/div>\n\t\t\n\t\t<a class=\"elementor-post__read-more\" href=\"https:\/\/or-design.org\/en\/desatando-el-potencial-del-marketing-omnicanal-construyendo-experiencias-de-cliente-sin-fronteras\/\" aria-label=\"Read more about Desatando el Potencial del Marketing Omnicanal: Construyendo Experiencias de Cliente sin Fronteras\" tabindex=\"-1\" >\n\t\t\tLeer M\u00e1s &gt;&gt;\t\t<\/a>\n\n\t\t\t\t<\/div>\n\t\t\t\t<\/article>\n\t\t\t\t<article class=\"elementor-post elementor-grid-item post-9828 post type-post status-publish format-standard has-post-thumbnail hentry category-diseno\" role=\"listitem\">\n\t\t\t\t<a class=\"elementor-post__thumbnail__link\" href=\"https:\/\/or-design.org\/en\/desafiando-los-limites-del-marketing-digital-un-viaje-profundo-hacia-la-publicidad-programatica\/\" tabindex=\"-1\" >\n\t\t\t<div class=\"elementor-post__thumbnail\"><img decoding=\"async\" width=\"300\" height=\"300\" src=\"https:\/\/or-design.org\/wp-content\/uploads\/2024\/04\/Publicidad-programada-300x300.jpg\" class=\"attachment-medium size-medium wp-image-9829\" alt=\"\" srcset=\"https:\/\/or-design.org\/wp-content\/uploads\/2024\/04\/Publicidad-programada-300x300.jpg 300w, https:\/\/or-design.org\/wp-content\/uploads\/2024\/04\/Publicidad-programada-150x150.jpg 150w, https:\/\/or-design.org\/wp-content\/uploads\/2024\/04\/Publicidad-programada-768x771.jpg 768w, https:\/\/or-design.org\/wp-content\/uploads\/2024\/04\/Publicidad-programada.jpg 885w\" sizes=\"(max-width: 300px) 100vw, 300px\" \/><\/div>\n\t\t<\/a>\n\t\t\t\t<div class=\"elementor-post__text\">\n\t\t\t\t<h3 class=\"elementor-post__title\">\n\t\t\t<a href=\"https:\/\/or-design.org\/en\/desafiando-los-limites-del-marketing-digital-un-viaje-profundo-hacia-la-publicidad-programatica\/\" >\n\t\t\t\tDesafiando los L\u00edmites del Marketing Digital: Un Viaje Profundo hacia la Publicidad Program\u00e1tica\t\t\t<\/a>\n\t\t<\/h3>\n\t\t\t\t<div class=\"elementor-post__excerpt\">\n\t\t\t<p>Desafiando los L\u00edmites del Marketing Digital: Un Viaje Profundo hacia la Publicidad Program\u00e1tica En el siempre cambiante paisaje del marketing digital, la publicidad program\u00e1tica emerge<\/p>\n\t\t<\/div>\n\t\t\n\t\t<a class=\"elementor-post__read-more\" href=\"https:\/\/or-design.org\/en\/desafiando-los-limites-del-marketing-digital-un-viaje-profundo-hacia-la-publicidad-programatica\/\" aria-label=\"Read more about Desafiando los L\u00edmites del Marketing Digital: Un Viaje Profundo hacia la Publicidad Program\u00e1tica\" tabindex=\"-1\" >\n\t\t\tLeer M\u00e1s &gt;&gt;\t\t<\/a>\n\n\t\t\t\t<\/div>\n\t\t\t\t<\/article>\n\t\t\t\t<article class=\"elementor-post elementor-grid-item post-9818 post type-post status-publish format-standard has-post-thumbnail hentry category-diseno\" role=\"listitem\">\n\t\t\t\t<a class=\"elementor-post__thumbnail__link\" href=\"https:\/\/or-design.org\/en\/abrazando-la-transformacion-digital-navegando-el-continuo-cambio-en-el-marketing\/\" tabindex=\"-1\" >\n\t\t\t<div class=\"elementor-post__thumbnail\"><img loading=\"lazy\" decoding=\"async\" width=\"300\" height=\"300\" src=\"https:\/\/or-design.org\/wp-content\/uploads\/2024\/04\/Tranformacion-digital-300x300.jpg\" class=\"attachment-medium size-medium wp-image-9819\" alt=\"\" srcset=\"https:\/\/or-design.org\/wp-content\/uploads\/2024\/04\/Tranformacion-digital-300x300.jpg 300w, https:\/\/or-design.org\/wp-content\/uploads\/2024\/04\/Tranformacion-digital-150x150.jpg 150w, https:\/\/or-design.org\/wp-content\/uploads\/2024\/04\/Tranformacion-digital-768x771.jpg 768w, https:\/\/or-design.org\/wp-content\/uploads\/2024\/04\/Tranformacion-digital.jpg 885w\" sizes=\"(max-width: 300px) 100vw, 300px\" \/><\/div>\n\t\t<\/a>\n\t\t\t\t<div class=\"elementor-post__text\">\n\t\t\t\t<h3 class=\"elementor-post__title\">\n\t\t\t<a href=\"https:\/\/or-design.org\/en\/abrazando-la-transformacion-digital-navegando-el-continuo-cambio-en-el-marketing\/\" >\n\t\t\t\tAbrazando la Transformaci\u00f3n Digital: Navegando el Continuo Cambio en el Marketing\t\t\t<\/a>\n\t\t<\/h3>\n\t\t\t\t<div class=\"elementor-post__excerpt\">\n\t\t\t<p>Abrazando la Transformaci\u00f3n Digital: Navegando el Continuo Cambio en el Marketing Navegando la Transformaci\u00f3n Digital en el Marketing: Un Camino Interminable hacia la Innovaci\u00f3n y<\/p>\n\t\t<\/div>\n\t\t\n\t\t<a class=\"elementor-post__read-more\" href=\"https:\/\/or-design.org\/en\/abrazando-la-transformacion-digital-navegando-el-continuo-cambio-en-el-marketing\/\" aria-label=\"Read more about Abrazando la Transformaci\u00f3n Digital: Navegando el Continuo Cambio en el Marketing\" tabindex=\"-1\" >\n\t\t\tLeer M\u00e1s &gt;&gt;\t\t<\/a>\n\n\t\t\t\t<\/div>\n\t\t\t\t<\/article>\n\t\t\t\t<article class=\"elementor-post elementor-grid-item post-9810 post type-post status-publish format-standard has-post-thumbnail hentry category-diseno\" role=\"listitem\">\n\t\t\t\t<a class=\"elementor-post__thumbnail__link\" href=\"https:\/\/or-design.org\/en\/dominando-el-arte-del-marketing-mix-clave-para-el-exito-empresarial\/\" tabindex=\"-1\" >\n\t\t\t<div class=\"elementor-post__thumbnail\"><img loading=\"lazy\" decoding=\"async\" width=\"300\" height=\"300\" src=\"https:\/\/or-design.org\/wp-content\/uploads\/2024\/04\/Marketing-mix-300x300.jpg\" class=\"attachment-medium size-medium wp-image-9811\" alt=\"\" srcset=\"https:\/\/or-design.org\/wp-content\/uploads\/2024\/04\/Marketing-mix-300x300.jpg 300w, https:\/\/or-design.org\/wp-content\/uploads\/2024\/04\/Marketing-mix-150x150.jpg 150w, https:\/\/or-design.org\/wp-content\/uploads\/2024\/04\/Marketing-mix-768x771.jpg 768w, https:\/\/or-design.org\/wp-content\/uploads\/2024\/04\/Marketing-mix.jpg 885w\" sizes=\"(max-width: 300px) 100vw, 300px\" \/><\/div>\n\t\t<\/a>\n\t\t\t\t<div class=\"elementor-post__text\">\n\t\t\t\t<h3 class=\"elementor-post__title\">\n\t\t\t<a href=\"https:\/\/or-design.org\/en\/dominando-el-arte-del-marketing-mix-clave-para-el-exito-empresarial\/\" >\n\t\t\t\tDominando el Arte del Marketing Mix: Clave para el \u00c9xito Empresarial\t\t\t<\/a>\n\t\t<\/h3>\n\t\t\t\t<div class=\"elementor-post__excerpt\">\n\t\t\t<p>Dominando el Arte del Marketing Mix: Clave para el \u00c9xito Empresarial Desglosando el Marketing Mix El marketing mix, tambi\u00e9n conocido como las 4P del marketing,<\/p>\n\t\t<\/div>\n\t\t\n\t\t<a class=\"elementor-post__read-more\" href=\"https:\/\/or-design.org\/en\/dominando-el-arte-del-marketing-mix-clave-para-el-exito-empresarial\/\" aria-label=\"Read more about Dominando el Arte del Marketing Mix: Clave para el \u00c9xito Empresarial\" tabindex=\"-1\" >\n\t\t\tLeer M\u00e1s &gt;&gt;\t\t<\/a>\n\n\t\t\t\t<\/div>\n\t\t\t\t<\/article>\n\t\t\t\t<article class=\"elementor-post elementor-grid-item post-9799 post type-post status-publish format-standard has-post-thumbnail hentry category-diseno\" role=\"listitem\">\n\t\t\t\t<a class=\"elementor-post__thumbnail__link\" href=\"https:\/\/or-design.org\/en\/desbloqueando-el-poder-de-las-palabras-clave-en-el-marketing-digital\/\" tabindex=\"-1\" >\n\t\t\t<div class=\"elementor-post__thumbnail\"><img loading=\"lazy\" decoding=\"async\" width=\"300\" height=\"300\" src=\"https:\/\/or-design.org\/wp-content\/uploads\/2024\/04\/Palabras-clave-300x300.jpg\" class=\"attachment-medium size-medium wp-image-9800\" alt=\"\" srcset=\"https:\/\/or-design.org\/wp-content\/uploads\/2024\/04\/Palabras-clave-300x300.jpg 300w, https:\/\/or-design.org\/wp-content\/uploads\/2024\/04\/Palabras-clave-150x150.jpg 150w, https:\/\/or-design.org\/wp-content\/uploads\/2024\/04\/Palabras-clave-768x771.jpg 768w, https:\/\/or-design.org\/wp-content\/uploads\/2024\/04\/Palabras-clave.jpg 885w\" sizes=\"(max-width: 300px) 100vw, 300px\" \/><\/div>\n\t\t<\/a>\n\t\t\t\t<div class=\"elementor-post__text\">\n\t\t\t\t<h3 class=\"elementor-post__title\">\n\t\t\t<a href=\"https:\/\/or-design.org\/en\/desbloqueando-el-poder-de-las-palabras-clave-en-el-marketing-digital\/\" >\n\t\t\t\tDesbloqueando el Poder de las Palabras Clave en el Marketing Digital\t\t\t<\/a>\n\t\t<\/h3>\n\t\t\t\t<div class=\"elementor-post__excerpt\">\n\t\t\t<p>Desbloqueando el Poder de las Palabras Clave en el Marketing Digital El Fundamento de la Visibilidad en L\u00ednea En el vasto y competitivo paisaje del<\/p>\n\t\t<\/div>\n\t\t\n\t\t<a class=\"elementor-post__read-more\" href=\"https:\/\/or-design.org\/en\/desbloqueando-el-poder-de-las-palabras-clave-en-el-marketing-digital\/\" aria-label=\"Read more about Desbloqueando el Poder de las Palabras Clave en el Marketing Digital\" tabindex=\"-1\" >\n\t\t\tLeer M\u00e1s &gt;&gt;\t\t<\/a>\n\n\t\t\t\t<\/div>\n\t\t\t\t<\/article>\n\t\t\t\t<article class=\"elementor-post elementor-grid-item post-9791 post type-post status-publish format-standard has-post-thumbnail hentry category-diseno\" role=\"listitem\">\n\t\t\t\t<a class=\"elementor-post__thumbnail__link\" href=\"https:\/\/or-design.org\/en\/la-importancia-de-la-responsabilidad-social-corporativa-en-el-marketing-digital\/\" tabindex=\"-1\" >\n\t\t\t<div class=\"elementor-post__thumbnail\"><img loading=\"lazy\" decoding=\"async\" width=\"300\" height=\"300\" src=\"https:\/\/or-design.org\/wp-content\/uploads\/2024\/04\/Responsabilidad-social-corporativa-300x300.jpg\" class=\"attachment-medium size-medium wp-image-9792\" alt=\"\" srcset=\"https:\/\/or-design.org\/wp-content\/uploads\/2024\/04\/Responsabilidad-social-corporativa-300x300.jpg 300w, https:\/\/or-design.org\/wp-content\/uploads\/2024\/04\/Responsabilidad-social-corporativa-150x150.jpg 150w, https:\/\/or-design.org\/wp-content\/uploads\/2024\/04\/Responsabilidad-social-corporativa-768x771.jpg 768w, https:\/\/or-design.org\/wp-content\/uploads\/2024\/04\/Responsabilidad-social-corporativa.jpg 885w\" sizes=\"(max-width: 300px) 100vw, 300px\" \/><\/div>\n\t\t<\/a>\n\t\t\t\t<div class=\"elementor-post__text\">\n\t\t\t\t<h3 class=\"elementor-post__title\">\n\t\t\t<a href=\"https:\/\/or-design.org\/en\/la-importancia-de-la-responsabilidad-social-corporativa-en-el-marketing-digital\/\" >\n\t\t\t\tLa Importancia de la Responsabilidad Social Corporativa en el Marketing Digital\t\t\t<\/a>\n\t\t<\/h3>\n\t\t\t\t<div class=\"elementor-post__excerpt\">\n\t\t\t<p>La Importancia de la Responsabilidad Social Corporativa en el Marketing Digital La Evoluci\u00f3n del Marketing hacia la Responsabilidad Social En el panorama actual del marketing<\/p>\n\t\t<\/div>\n\t\t\n\t\t<a class=\"elementor-post__read-more\" href=\"https:\/\/or-design.org\/en\/la-importancia-de-la-responsabilidad-social-corporativa-en-el-marketing-digital\/\" aria-label=\"Read more about La Importancia de la Responsabilidad Social Corporativa en el Marketing Digital\" tabindex=\"-1\" >\n\t\t\tLeer M\u00e1s &gt;&gt;\t\t<\/a>\n\n\t\t\t\t<\/div>\n\t\t\t\t<\/article>\n\t\t\t\t<\/div>\n\t\t\n\t\t\t\t\t\t<\/div>\n\t\t\t\t<\/div>\n\t\t\t\t\t<\/div>\n\t\t<\/div>\n\t\t\t\t\t<\/div>\n\t\t<\/section>\n\t\t\t\t<\/div>\n\t\t","protected":false},"excerpt":{"rendered":"<p>Congratulations! You are one step closer to taking your brand to the next level. We will contact you as soon as possible. Return Latest news<\/p>\n","protected":false},"author":1,"featured_media":0,"parent":2805,"menu_order":0,"comment_status":"closed","ping_status":"closed","template":"","meta":{"inline_featured_image":false,"footnotes":""},"class_list":["post-2807","page","type-page","status-publish","hentry"],"_links":{"self":[{"href":"https:\/\/or-design.org\/en\/wp-json\/wp\/v2\/pages\/2807","targetHints":{"allow":["GET"]}}],"collection":[{"href":"https:\/\/or-design.org\/en\/wp-json\/wp\/v2\/pages"}],"about":[{"href":"https:\/\/or-design.org\/en\/wp-json\/wp\/v2\/types\/page"}],"author":[{"embeddable":true,"href":"https:\/\/or-design.org\/en\/wp-json\/wp\/v2\/users\/1"}],"replies":[{"embeddable":true,"href":"https:\/\/or-design.org\/en\/wp-json\/wp\/v2\/comments?post=2807"}],"version-history":[{"count":0,"href":"https:\/\/or-design.org\/en\/wp-json\/wp\/v2\/pages\/2807\/revisions"}],"up":[{"embeddable":true,"href":"https:\/\/or-design.org\/en\/wp-json\/wp\/v2\/pages\/2805"}],"wp:attachment":[{"href":"https:\/\/or-design.org\/en\/wp-json\/wp\/v2\/media?parent=2807"}],"curies":[{"name":"wp","href":"https:\/\/api.w.org\/{rel}","templated":true}]}}